{"id":59,"date":"2024-04-24T15:27:01","date_gmt":"2024-04-24T19:27:01","guid":{"rendered":"https:\/\/trypmdev.com\/cb\/?page_id=59"},"modified":"2025-10-15T13:12:29","modified_gmt":"2025-10-15T17:12:29","slug":"nos-visites-dusine","status":"publish","type":"page","link":"https:\/\/coveredbridgechips.com\/en\/nos-visites-dusine\/","title":{"rendered":"Nos Visites Dusine"},"content":{"rendered":"<section id=\"factory-tours\"><img decoding=\"async\" class=\"img-desktop\" src=\"https:\/\/coveredbridgechips.com\/wp-content\/uploads\/2024\/10\/factory-tours-bg-new.jpg\" \/><img decoding=\"async\" class=\"img-small\" src=\"https:\/\/coveredbridgechips.com\/wp-content\/uploads\/2024\/10\/factory-tours-bg-new.jpg\" \/><\/p>\n<div class=\"col-2\">\n<p><img decoding=\"async\" class=\"ornaments\" src=\"https:\/\/coveredbridgechips.com\/resource\/img\/icon\/ornaments.jpg\" \/><\/p>\n<h1>Visitez notre boutique de cadeaux<\/h1>\n<h3><span data-teams=\"true\">Pendant que nous reconstruisons et que les visites guid\u00e9es sont en pause!<\/span><\/h3>\n<pre id=\"tw-target-text\" class=\"tw-data-text tw-text-large tw-ta\" dir=\"ltr\" data-placeholder=\"Translation\" aria-label=\"Translated text\" data-ved=\"2ahUKEwiYgM_czfmGAxVFlIkEHXAbDjcQ3ewLegQIBRAU\"><span data-teams=\"true\">Notre boutique cadeau sera ferm\u00e9e pour l'automne et l'hiver\u00a0! Nous serons de retour au printemps\u00a0!<\/span><\/pre>\n<h3>Heures d&#8217;\u00e9t\u00e9 (Le 17 Mai &#8211; 2025) :<\/h3>\n<p>Lundi au vendredi : Ferm\u00e9<br \/>\nSamedi : Ferm\u00e9<br \/>\nDimanche\u00a0 : Ferm\u00e9<\/p>\n<h3>Heures d&#8217;hiver (\u00e0 d\u00e9terminer) :<\/h3>\n<p>Lundi au vendredi : Ferm\u00e9<br \/>\nSamedi et dimanche : \u00a0Ferm\u00e9<\/p>\n<h3>Nous voulons vous montrer ce que nous faisons ici chez Covered Bridge Potato Chips!<\/h3>\n<p>Rendez-nous visite pour apprendre un peu d&#8217;histoire sur notre ville natale et l&#8217;agriculture au Nouveau-Brunswick, voir le processus de culture de nos pommes de terre Russet fonc\u00e9es cultiv\u00e9es chez nous et, plus important encore, voir de vos propres yeux comment nous fabriquons nos d\u00e9licieuses croustilles! Le meilleur moment de la visite est \u00e9videmment la d\u00e9gustation ! Choisissez parmi plus de 30 saveurs amusantes pour assaisonner vos chips fra\u00eeches dans notre boutique de cadeaux. Du plaisir pour toute la famille!<\/p>\n<p class=\"tours-last-p\">Pour plus d\u2019information sur nos tarifs de groupe, veuillez composer le <span class=\"factory-tel\">506-375-2447<\/span>.<\/p>\n<div style=\"clear: both;\"><\/div>\n<\/div>\n<div style=\"clear: both;\"><\/div>\n<\/section>\n<p><!-- \/factory-tours --><\/p>\n","protected":false},"excerpt":{"rendered":"<p>Visitez notre boutique de cadeaux Pendant que nous reconstruisons et que les visites guid\u00e9es sont en pause! Notre boutique cadeau sera ferm\u00e9e pour l&#8217;automne et l&#8217;hiver\u00a0! Nous serons de retour au printemps\u00a0! Heures d&#8217;\u00e9t\u00e9 (Le 17 Mai &#8211; 2025) : Lundi au vendredi : Ferm\u00e9 Samedi : Ferm\u00e9 Dimanche\u00a0 : Ferm\u00e9 Heures d&#8217;hiver (\u00e0 d\u00e9terminer) [&hellip;]<\/p>\n","protected":false},"author":1,"featured_media":0,"parent":0,"menu_order":0,"comment_status":"closed","ping_status":"closed","template":"page-our-tours-fr.php","meta":{"_acf_changed":false,"footnotes":""},"class_list":["post-59","page","type-page","status-publish","hentry"],"acf":[],"rttpg_featured_image_url":null,"rttpg_author":{"display_name":"Palmer","author_link":"https:\/\/coveredbridgechips.com\/en\/author\/palmer\/"},"rttpg_comment":0,"rttpg_category":null,"rttpg_excerpt":"Visitez notre boutique de cadeaux Pendant que nous reconstruisons et que les visites guid\u00e9es sont en pause! Notre boutique cadeau sera ferm\u00e9e pour l'automne et l'hiver\u00a0! Nous serons de retour au printemps\u00a0! Heures d&#8217;\u00e9t\u00e9 (Le 17 Mai &#8211; 2025) : Lundi au vendredi : Ferm\u00e9 Samedi : Ferm\u00e9 Dimanche\u00a0 : Ferm\u00e9 Heures d&#8217;hiver (\u00e0 d\u00e9terminer)&hellip;","_links":{"self":[{"href":"https:\/\/coveredbridgechips.com\/en\/wp-json\/wp\/v2\/pages\/59","targetHints":{"allow":["GET"]}}],"collection":[{"href":"https:\/\/coveredbridgechips.com\/en\/wp-json\/wp\/v2\/pages"}],"about":[{"href":"https:\/\/coveredbridgechips.com\/en\/wp-json\/wp\/v2\/types\/page"}],"author":[{"embeddable":true,"href":"https:\/\/coveredbridgechips.com\/en\/wp-json\/wp\/v2\/users\/1"}],"replies":[{"embeddable":true,"href":"https:\/\/coveredbridgechips.com\/en\/wp-json\/wp\/v2\/comments?post=59"}],"version-history":[{"count":23,"href":"https:\/\/coveredbridgechips.com\/en\/wp-json\/wp\/v2\/pages\/59\/revisions"}],"predecessor-version":[{"id":6509,"href":"https:\/\/coveredbridgechips.com\/en\/wp-json\/wp\/v2\/pages\/59\/revisions\/6509"}],"wp:attachment":[{"href":"https:\/\/coveredbridgechips.com\/en\/wp-json\/wp\/v2\/media?parent=59"}],"curies":[{"name":"wp","href":"https:\/\/api.w.org\/{rel}","templated":true}]}}